{"id":71,"date":"2014-03-26T09:08:49","date_gmt":"2014-03-26T09:08:49","guid":{"rendered":"http:\/\/tapiceriarosales.es\/?page_id=71"},"modified":"2019-08-02T11:45:25","modified_gmt":"2019-08-02T11:45:25","slug":"servicios-3","status":"publish","type":"page","link":"https:\/\/tapiceriarosales.es\/?page_id=71","title":{"rendered":"Servicios"},"content":{"rendered":"<div id=\"imCel1_01\">\n<div id=\"imCel1_01_Cont\">\n<div id=\"imObj1_01\"><\/div>\n<\/div>\n<\/div>\n<div id=\"imCel0_01\">\n<div id=\"imCel0_01_Cont\">\n<div id=\"imObj0_01\">\n<p>En&nbsp;<strong><span style=\"color: #ba4038;\">ANTONIO ROSALES DECORACI\u00d3N<\/span><\/strong>&nbsp;confeccionamos articulos para hogar tales como: colchas, cortinas, estores, cortinas tecnol\u00f3gicas (screen),&#8230; adem\u00e1s de tapizado de sillas, sof\u00e1s, tresillos, butacas,..<\/p>\n<p>Disponemos de una amplia variedad de telas y tejidos de las mejores marcas del mercado de entre los cuales nuestros clientes podr\u00e1n hacer su elecci\u00f3n.<\/p>\n<p>Adem\u00e1s contamos con un equipo de profesionales que asesorar\u00e1n a nuestros clientes en su elecci\u00f3n y cuidaran hasta el \u00faltimo detalle de la confecci\u00f3n para as\u00ed ofrecerles un producto de calidad.<\/p>\n<p>Podr\u00e1 encontrar desde cortinas enrollables, venecianas, plisadas, panel japon\u00e9s, verticales,&#8230; y las denominadas cortinas tecnol\u00f3gicas.<\/p>\n<\/div>\n<\/div>\n<\/div>\n<div id=\"imCel0_02\">\n<div id=\"imCel0_02_Cont\">\n<div id=\"imObj0_02\">\n<p><a href=\"https:\/\/tapiceriarosales.es\/wp-content\/uploads\/2014\/03\/osborne--e1528906216292.jpg\"><img loading=\"lazy\" decoding=\"async\" class=\"alignnone wp-image-401 size-medium\" src=\"https:\/\/tapiceriarosales.es\/wp-content\/uploads\/2014\/03\/osborne--300x300.jpg\" alt=\"\" width=\"300\" height=\"300\"><\/a><\/p>\n<p>&nbsp;<\/p>\n<\/div>\n<\/div>\n<\/div>\n","protected":false},"excerpt":{"rendered":"<p>En&nbsp;ANTONIO ROSALES DECORACI\u00d3N&nbsp;confeccionamos articulos para hogar tales como: colchas, cortinas, estores, cortinas tecnol\u00f3gicas (screen),&#8230; adem\u00e1s de tapizado de sillas, sof\u00e1s, tresillos, butacas,.. Disponemos de una amplia variedad de telas y tejidos de las mejores marcas del mercado de entre los cuales nuestros clientes podr\u00e1n hacer su elecci\u00f3n. Adem\u00e1s contamos con un equipo de profesionales que [&hellip;]<\/p>\n","protected":false},"author":2,"featured_media":0,"parent":0,"menu_order":0,"comment_status":"closed","ping_status":"closed","template":"","meta":{"footnotes":""},"class_list":["post-71","page","type-page","status-publish","hentry"],"_links":{"self":[{"href":"https:\/\/tapiceriarosales.es\/index.php?rest_route=\/wp\/v2\/pages\/71","targetHints":{"allow":["GET"]}}],"collection":[{"href":"https:\/\/tapiceriarosales.es\/index.php?rest_route=\/wp\/v2\/pages"}],"about":[{"href":"https:\/\/tapiceriarosales.es\/index.php?rest_route=\/wp\/v2\/types\/page"}],"author":[{"embeddable":true,"href":"https:\/\/tapiceriarosales.es\/index.php?rest_route=\/wp\/v2\/users\/2"}],"replies":[{"embeddable":true,"href":"https:\/\/tapiceriarosales.es\/index.php?rest_route=%2Fwp%2Fv2%2Fcomments&post=71"}],"version-history":[{"count":17,"href":"https:\/\/tapiceriarosales.es\/index.php?rest_route=\/wp\/v2\/pages\/71\/revisions"}],"predecessor-version":[{"id":632,"href":"https:\/\/tapiceriarosales.es\/index.php?rest_route=\/wp\/v2\/pages\/71\/revisions\/632"}],"wp:attachment":[{"href":"https:\/\/tapiceriarosales.es\/index.php?rest_route=%2Fwp%2Fv2%2Fmedia&parent=71"}],"curies":[{"name":"wp","href":"https:\/\/api.w.org\/{rel}","templated":true}]}}